{"id":346,"date":"2025-10-17T23:25:26","date_gmt":"2025-10-17T23:25:26","guid":{"rendered":"https:\/\/portagraneles.com\/?page_id=346"},"modified":"2026-01-30T18:54:27","modified_gmt":"2026-01-30T18:54:27","slug":"linea-etica","status":"publish","type":"page","link":"https:\/\/portagraneles.com\/index.php\/linea-etica\/","title":{"rendered":"LINEA ETICA"},"content":{"rendered":"<p>[et_pb_section fb_built=&#8221;1&#8243; _builder_version=&#8221;4.27.4&#8243; _module_preset=&#8221;default&#8221; module_alignment=&#8221;center&#8221; global_colors_info=&#8221;{}&#8221;][et_pb_row use_custom_gutter=&#8221;on&#8221; gutter_width=&#8221;1&#8243; make_equal=&#8221;on&#8221; _builder_version=&#8221;4.27.4&#8243; _module_preset=&#8221;default&#8221; width=&#8221;60%&#8221; width_tablet=&#8221;70%&#8221; width_phone=&#8221;70%&#8221; width_last_edited=&#8221;on|desktop&#8221; max_width=&#8221;60%&#8221; max_width_tablet=&#8221;70%&#8221; max_width_phone=&#8221;70%&#8221; max_width_last_edited=&#8221;on|phone&#8221; module_alignment=&#8221;center&#8221; custom_margin=&#8221;0px||||false|false&#8221; custom_margin_tablet=&#8221;0px||||false|false&#8221; custom_margin_phone=&#8221;0px||||false|false&#8221; custom_margin_last_edited=&#8221;on|desktop&#8221; custom_padding=&#8221;0px||||false|false&#8221; global_colors_info=&#8221;{}&#8221;][et_pb_column type=&#8221;4_4&#8243; _builder_version=&#8221;4.27.4&#8243; _module_preset=&#8221;default&#8221; global_colors_info=&#8221;{}&#8221;][et_pb_text _builder_version=&#8221;4.27.4&#8243; _module_preset=&#8221;default&#8221; text_font=&#8221;&#8211;et_global_heading_font|700|||||||&#8221; text_text_color=&#8221;#0A0000&#8243; text_font_size=&#8221;30px&#8221; text_orientation=&#8221;center&#8221; custom_margin=&#8221;0px||||false|false&#8221; custom_margin_tablet=&#8221;0px||||false|false&#8221; custom_margin_phone=&#8221;0px||||false|false&#8221; custom_margin_last_edited=&#8221;on|phone&#8221; custom_padding=&#8221;0px||||false|false&#8221; text_font_size_tablet=&#8221;30px&#8221; text_font_size_phone=&#8221;28px&#8221; text_font_size_last_edited=&#8221;on|phone&#8221; global_colors_info=&#8221;{}&#8221;]<\/p>\n<p>L\u00ednea \u00c9tica<\/p>\n<p>[\/et_pb_text][et_pb_text _builder_version=&#8221;4.27.4&#8243; _module_preset=&#8221;default&#8221; text_font=&#8221;&#8211;et_global_heading_font||||||||&#8221; text_text_color=&#8221;#0A0000&#8243; text_font_size=&#8221;16px&#8221; text_orientation=&#8221;center&#8221; custom_margin=&#8221;15px||||false|false&#8221; custom_margin_tablet=&#8221;15px||||false|false&#8221; custom_margin_phone=&#8221;15px||||false|false&#8221; custom_margin_last_edited=&#8221;on|phone&#8221; global_colors_info=&#8221;{}&#8221;]<\/p>\n<p>De acuerdo con el compromiso de Portagraneles S.A.S. de promover la integridad y transparencia en nuestras operaciones y fortalecer la conducta \u00e9tica, en el marco del Programa de Transparencia y \u00c9tica Empresarial, contamos con la L\u00ednea \u00c9tica como canal que permite a nuestros asociados, proveedores, clientes, accionistas y dem\u00e1s Grupos de Inter\u00e9s, reportar o denunciar actuaciones contrarias a nuestro C\u00f3digo de \u00c9tica, y a las dem\u00e1s pol\u00edticas integradas de la Compa\u00f1\u00eda.<\/p>\n<p>Este reporte se puede realizar de forma an\u00f3nima, si as\u00ed lo define el reportante<\/p>\n<p>[\/et_pb_text][\/et_pb_column][\/et_pb_row][et_pb_row use_custom_gutter=&#8221;on&#8221; gutter_width=&#8221;1&#8243; _builder_version=&#8221;4.27.4&#8243; _module_preset=&#8221;default&#8221; background_color=&#8221;#0033A1&#8243; width=&#8221;70%&#8221; width_tablet=&#8221;80%&#8221; width_phone=&#8221;85%&#8221; width_last_edited=&#8221;on|phone&#8221; max_width=&#8221;70%&#8221; max_width_tablet=&#8221;80%&#8221; max_width_phone=&#8221;85%&#8221; max_width_last_edited=&#8221;on|phone&#8221; module_alignment=&#8221;center&#8221; border_radii=&#8221;on|40px|40px|40px|40px&#8221; global_colors_info=&#8221;{}&#8221;][et_pb_column type=&#8221;4_4&#8243; _builder_version=&#8221;4.27.4&#8243; _module_preset=&#8221;default&#8221; global_colors_info=&#8221;{}&#8221;][et_pb_text _builder_version=&#8221;4.27.4&#8243; _module_preset=&#8221;default&#8221; text_font=&#8221;&#8211;et_global_heading_font||||||||&#8221; text_text_color=&#8221;#FFFFFF&#8221; text_font_size=&#8221;16px&#8221; module_alignment=&#8221;center&#8221; custom_margin_tablet=&#8221;&#8221; custom_margin_phone=&#8221;&#8221; custom_margin_last_edited=&#8221;on|tablet&#8221; custom_padding=&#8221;|60px||60px|false|false&#8221; custom_padding_tablet=&#8221;|50px||50px|false|false&#8221; custom_padding_phone=&#8221;|30px||30px|false|false&#8221; custom_padding_last_edited=&#8221;on|phone&#8221; global_colors_info=&#8221;{}&#8221;]<\/p>\n<div class=\"forminator-ui forminator-custom-form forminator-custom-form-351 forminator-design--default  forminator_ajax\" data-forminator-render=\"0\" data-form=\"forminator-module-351\" data-uid=\"69e12e25996fe\"><br\/><\/div><form\n\t\t\t\tid=\"forminator-module-351\"\n\t\t\t\tclass=\"forminator-ui forminator-custom-form forminator-custom-form-351 forminator-design--default  forminator_ajax\"\n\t\t\t\tmethod=\"post\"\n\t\t\t\tdata-forminator-render=\"0\"\n\t\t\t\tdata-form-id=\"351\"\n\t\t\t\tenctype=\"multipart\/form-data\" data-color-option=\"theme\" data-design=\"default\" data-grid=\"open\" style=\"display: none;\"\n\t\t\t\tdata-uid=\"69e12e25996fe\"\n\t\t\t><div role=\"alert\" aria-live=\"polite\" class=\"forminator-response-message forminator-error\" aria-hidden=\"true\"><\/div><div class=\"forminator-row\"><div id=\"html-1\" class=\"forminator-field-html forminator-col forminator-col-12 \"><div class=\"forminator-field forminator-merge-tags\" data-field=\"html-1\"><label class=\"forminator-label\">Datos del reporte o denuncia<\/label><\/div><\/div><\/div><div class=\"forminator-row\"><div id=\"textarea-1\" class=\"forminator-field-textarea forminator-col forminator-col-12 \"><div class=\"forminator-field\"><label for=\"forminator-field-textarea-1_69e12e25996fe\" id=\"forminator-field-textarea-1_69e12e25996fe-label\" class=\"forminator-label\">Por favor escriba la situaci\u00f3n proporcionando el mayor nivel de detalles posible <span class=\"forminator-required\">*<\/span><\/label><textarea name=\"textarea-1\" placeholder=\"\" id=\"forminator-field-textarea-1_69e12e25996fe\" class=\"forminator-textarea\" rows=\"6\" style=\"min-height:140px;\" ><\/textarea><\/div><\/div><\/div><div class=\"forminator-row\"><div id=\"text-1\" class=\"forminator-field-text forminator-col forminator-col-12 \"><div class=\"forminator-field\"><label for=\"forminator-field-text-1_69e12e25996fe\" id=\"forminator-field-text-1_69e12e25996fe-label\" class=\"forminator-label\">Direcci\u00f3n <span class=\"forminator-required\">*<\/span><\/label><input type=\"text\" name=\"text-1\" value=\"\" placeholder=\"\" id=\"forminator-field-text-1_69e12e25996fe\" class=\"forminator-input forminator-name--field\" data-required=\"1\" \/><\/div><\/div><\/div><div class=\"forminator-row\"><div id=\"text-2\" class=\"forminator-field-text forminator-col forminator-col-6 \"><div class=\"forminator-field\"><label for=\"forminator-field-text-2_69e12e25996fe\" id=\"forminator-field-text-2_69e12e25996fe-label\" class=\"forminator-label\">Ciudad <span class=\"forminator-required\">*<\/span><\/label><input type=\"text\" name=\"text-2\" value=\"\" placeholder=\"\" id=\"forminator-field-text-2_69e12e25996fe\" class=\"forminator-input forminator-name--field\" data-required=\"1\" \/><\/div><\/div><div id=\"text-3\" class=\"forminator-field-text forminator-col forminator-col-6 \"><div class=\"forminator-field\"><label for=\"forminator-field-text-3_69e12e25996fe\" id=\"forminator-field-text-3_69e12e25996fe-label\" class=\"forminator-label\">Departamento <span class=\"forminator-required\">*<\/span><\/label><input type=\"text\" name=\"text-3\" value=\"\" placeholder=\"\" id=\"forminator-field-text-3_69e12e25996fe\" class=\"forminator-input forminator-name--field\" data-required=\"1\" \/><\/div><\/div><\/div><div class=\"forminator-row\"><div id=\"date-1\" class=\"forminator-field-date forminator-col forminator-col-12 \"><div class=\"forminator-field\"><label for=\"forminator-field-date-1-picker_69e12e25996fe\" id=\"forminator-field-date-1-picker_69e12e25996fe-label\" class=\"forminator-label\">Indique la fecha del evento <span class=\"forminator-required\">*<\/span><\/label><div class=\"forminator-input-with-icon\"><span class=\"forminator-icon-calendar\" aria-hidden=\"true\"><\/span><input autocomplete=\"off\" type=\"text\" size=\"1\" name=\"date-1\" value=\"\" placeholder=\"\" id=\"forminator-field-date-1-picker_69e12e25996fe\" class=\"forminator-input forminator-datepicker\" data-required=\"1\" data-format=\"mm\/dd\/yy\" data-restrict-type=\"\" data-restrict=\"\" data-start-year=\"1926\" data-end-year=\"2126\" data-past-dates=\"enable\" data-start-of-week=\"1\" data-start-date=\"\" data-end-date=\"\" data-start-field=\"\" data-end-field=\"\" data-start-offset=\"\" data-end-offset=\"\" data-disable-date=\"\" data-disable-range=\"\" \/><\/div><\/div><\/div><\/div><div class=\"forminator-row\"><div id=\"html-2\" class=\"forminator-field-html forminator-col forminator-col-12 \"><div class=\"forminator-field forminator-merge-tags\" data-field=\"html-2\"><p>Informaci\u00f3n del Reportante<\/p><\/div><\/div><\/div><div class=\"forminator-row\"><div id=\"html-3\" class=\"forminator-field-html forminator-col forminator-col-12 \"><div class=\"forminator-field forminator-merge-tags\" data-field=\"html-3\"><p>Recuerde que la L\u00ednea \u00c9tica es un canal an\u00f3nimo y confidencial, por lo que usted no est\u00e1 obligado a suministrarnos ninguno de sus datos de contacto. En caso de querer ser contactado, por favor diligencie la siguiente informaci\u00f3n:<\/p><\/div><\/div><\/div><div class=\"forminator-row\"><div id=\"select-1\" class=\"forminator-field-select forminator-col forminator-col-12 \"><div class=\"forminator-field\"><label for=\"forminator-form-351__field--select-1_69e12e25996fe\" id=\"forminator-form-351__field--select-1_69e12e25996fe-label\" class=\"forminator-label\">Seleccione el tipo de vinculaci\u00f3n <span class=\"forminator-required\">*<\/span><\/label><select  id=\"forminator-form-351__field--select-1_69e12e25996fe\" class=\"forminator-select--field forminator-select2 forminator-select2-multiple\" data-required=\"1\" name=\"select-1\" data-default-value=\"\" data-hidden-behavior=\"zero\" data-placeholder=\"...\" data-search=\"false\" data-search-placeholder=\"...\" data-checkbox=\"false\" data-allow-clear=\"false\" aria-labelledby=\"forminator-form-351__field--select-1_69e12e25996fe-label\"><option value=\"\"  >...<\/option><option value=\"Cliente\"  data-calculation=\"0\">Cliente<\/option><option value=\"Asociado\"  data-calculation=\"0\">Asociado<\/option><option value=\"Proveedor\"  data-calculation=\"0\">Proveedor<\/option><option value=\"Otro\"  data-calculation=\"0\">Otro<\/option><\/select><\/div><\/div><\/div><div class=\"forminator-row\"><div id=\"checkbox-1\" class=\"forminator-field-checkbox forminator-col forminator-col-12 \"><div role=\"group\" class=\"forminator-field\" aria-labelledby=\"forminator-checkbox-group-forminator-field-checkbox-1-69e12e25996fe-label\"><span id=\"forminator-checkbox-group-forminator-field-checkbox-1-69e12e25996fe-label\" class=\"forminator-label\">Marca esta casilla si quieres permanecer an\u00f3nimo:<\/span><label id=\"forminator-field-checkbox-1-1-69e12e25996fe-label\" for=\"forminator-field-checkbox-1-1-69e12e25996fe\" class=\"forminator-checkbox\" title=\"An\u00f3nimo\"><input type=\"checkbox\" name=\"checkbox-1[]\" value=\"one\" id=\"forminator-field-checkbox-1-1-69e12e25996fe\" aria-labelledby=\"forminator-field-checkbox-1-1-69e12e25996fe-label\" data-calculation=\"0\"   data-hidden-behavior=\"zero\"\/><span class=\"forminator-checkbox-box\" aria-hidden=\"true\"><\/span><span class=\"forminator-checkbox-label\">An\u00f3nimo<\/span><\/label><\/div><\/div><\/div><div class=\"forminator-row\"><div id=\"email-1\" class=\"forminator-field-email forminator-col forminator-col-6 \"><div class=\"forminator-field\"><label for=\"forminator-field-email-1_69e12e25996fe\" id=\"forminator-field-email-1_69e12e25996fe-label\" class=\"forminator-label\">Digite su correo electr\u00f3nico <span class=\"forminator-required\">*<\/span><\/label><input type=\"email\" name=\"email-1\" value=\"\" placeholder=\"\" id=\"forminator-field-email-1_69e12e25996fe\" class=\"forminator-input forminator-email--field\" data-required=\"1\" aria-required=\"true\" autocomplete=\"email\" \/><\/div><\/div><div id=\"phone-1\" class=\"forminator-field-phone forminator-col forminator-col-6 \"><div class=\"forminator-field\"><label for=\"forminator-field-phone-1_69e12e25996fe\" id=\"forminator-field-phone-1_69e12e25996fe-label\" class=\"forminator-label\">Digite un n\u00famero de tel\u00e9fono fijo o celular <span class=\"forminator-required\">*<\/span><\/label><input type=\"text\" name=\"phone-1\" value=\"\" placeholder=\"\" id=\"forminator-field-phone-1_69e12e25996fe\" class=\"forminator-input forminator-field--phone\" data-required=\"1\" aria-required=\"true\" autocomplete=\"off\" \/><\/div><\/div><\/div><div class=\"forminator-row\"><div id=\"html-4\" class=\"forminator-field-html forminator-col forminator-col-12 \"><div class=\"forminator-field forminator-merge-tags\" data-field=\"html-4\"><p>En caso de contar con soportes que permitan evidenciar las situaciones del reporte o denuncia, por favor adjuntar los soportes en formato PDF, JPEG, PNG y\/o MP4 (Tama\u00f1o m\u00e1ximo de 10mb).<\/p><\/div><\/div><\/div><div class=\"forminator-row\"><div id=\"upload-1\" class=\"forminator-field-upload forminator-col forminator-col-12 \"><div class=\"forminator-field\"><label for=\"forminator-field-upload-1_69e12e25996fe\" id=\"forminator-field-upload-1_69e12e25996fe-label\" class=\"forminator-label\">Adjuntar archivos (opcional)<\/label><div class=\"forminator-multi-upload \" data-element=\"upload-1_69e12e25996fe\"><input type=\"file\" name=\"upload-1[]\" id=\"forminator-field-upload-1_69e12e25996fe\" class=\"forminator-input-file forminator-field-upload-1_69e12e25996fe-351\" multiple=\"multiple\" data-method=\"ajax\" accept=\".avif,.heif,.heics,.heifs,.jpg,.jpeg,.jpe,.png,.pdf,.mp4,.m4v\" data-limit=\"10\" data-limit-message=\"Puedes subir un m\u00e1ximo de 10 archivos.\" data-size=\"10000000\" data-size-message=\"El tama\u00f1o m\u00e1ximo de archivo permitido es 10 MB. \" data-filetype=\"avif|heif|heics|heifs|jpg|jpeg|jpe|png|pdf|mp4|m4v\" data-filetype-message=\"la extensi\u00f3n del archivo no est\u00e1 permitida.\"><div class=\"forminator-multi-upload-message\" aria-hidden=\"true\"><span class=\"forminator-icon-upload\" aria-hidden=\"true\"><\/span><p>Arrastrar y soltar (o) <a class=\"forminator-upload-file--forminator-field-upload-1_69e12e25996fe\" href=\"#\" onclick=\"return false;\">cambiar archivos<\/a><\/p><\/div><\/div><ul class=\"forminator-uploaded-files upload-container-upload-1_69e12e25996fe\"><\/ul><\/div><\/div><\/div><div class=\"forminator-row\"><div id=\"checkbox-2\" class=\"forminator-field-checkbox forminator-col forminator-col-12 \"><div role=\"group\" class=\"forminator-field required\" aria-labelledby=\"forminator-checkbox-group-forminator-field-checkbox-2-69e12e25996fe-label\"><span id=\"forminator-checkbox-group-forminator-field-checkbox-2-69e12e25996fe-label\" class=\"forminator-label\">Casilla de verificaci\u00f3n <span class=\"forminator-required\">*<\/span><\/span><label id=\"forminator-field-checkbox-2-1-69e12e25996fe-label\" for=\"forminator-field-checkbox-2-1-69e12e25996fe\" class=\"forminator-checkbox\" title=\"Autorizo el tratamiento de datos personales conforme al Manual de Pol\u00edticas de Tratamiento de Datos Personales de Portagraneles S.A.S.\"><input type=\"checkbox\" name=\"checkbox-2[]\" value=\"Autorizo el tratamiento de datos personales conforme al Manual de Pol\u00edticas de Tratamiento de Datos Personales de Portagraneles S.A.S.\" id=\"forminator-field-checkbox-2-1-69e12e25996fe\" aria-labelledby=\"forminator-field-checkbox-2-1-69e12e25996fe-label\" data-calculation=\"0\"   data-hidden-behavior=\"zero\"\/><span class=\"forminator-checkbox-box\" aria-hidden=\"true\"><\/span><span class=\"forminator-checkbox-label\">Autorizo el tratamiento de datos personales conforme al Manual de Pol\u00edticas de Tratamiento de Datos Personales de Portagraneles S.A.S.<\/span><\/label><\/div><\/div><\/div><div class=\"forminator-row\"><div id=\"html-5\" class=\"forminator-field-html forminator-col forminator-col-12 \"><div class=\"forminator-field forminator-merge-tags\" data-field=\"html-5\"><p><span style=\"text-decoration: underline\"><span style=\"color: #ffffff\"><a href=\"link-aca\" style=\"color: #ffffff;text-decoration: underline\"><a href=\"https:\/\/portagraneles.com\/wp-content\/uploads\/2026\/01\/MANUAL-DE-POLITICAS-DE-TRATAMIENTO-DE-DATOS-PERSONALES.pdf\">Ver Manual de Pol\u00edticas de Tratamiento de Datos Personales de Portagraneles S.A.S<\/a><\/a><\/span><\/p><\/div><\/div><\/div><input type=\"hidden\" name=\"referer_url\" value=\"\" \/><div class=\"forminator-row forminator-row-last\"><div class=\"forminator-col\"><div class=\"forminator-field\"><button class=\"forminator-button forminator-button-submit\">Enviar<\/button><\/div><\/div><\/div><input type=\"hidden\" id=\"forminator_nonce\" name=\"forminator_nonce\" value=\"d992672429\" \/><input type=\"hidden\" name=\"_wp_http_referer\" value=\"\/index.php\/wp-json\/wp\/v2\/pages\/346\" \/><input type=\"hidden\" name=\"form_id\" value=\"351\"><input type=\"hidden\" name=\"page_id\" value=\"346\"><input type=\"hidden\" name=\"form_type\" value=\"default\"><input type=\"hidden\" name=\"current_url\" value=\"https:\/\/portagraneles.com\/index.php\/linea-etica\/\"><input type=\"hidden\" name=\"render_id\" value=\"0\"><input type=\"hidden\" name=\"forminator-multifile-hidden\" class=\"forminator-multifile-hidden\"><input type=\"hidden\" name=\"action\" value=\"forminator_submit_form_custom-forms\"><\/form>\n<p>[\/et_pb_text][\/et_pb_column][\/et_pb_row][\/et_pb_section]<\/p>\n","protected":false},"excerpt":{"rendered":"<p>L\u00ednea \u00c9ticaDe acuerdo con el compromiso de Portagraneles S.A.S. de promover la integridad y transparencia en nuestras operaciones y fortalecer la conducta \u00e9tica, en el marco del Programa de Transparencia y \u00c9tica Empresarial, contamos con la L\u00ednea \u00c9tica como canal que permite a nuestros asociados, proveedores, clientes, accionistas y dem\u00e1s Grupos de Inter\u00e9s, reportar o [&hellip;]<\/p>\n","protected":false},"author":1,"featured_media":0,"parent":0,"menu_order":0,"comment_status":"closed","ping_status":"closed","template":"","meta":{"_et_pb_use_builder":"on","_et_pb_old_content":"<!-- wp:divi\/placeholder \/-->","_et_gb_content_width":"","footnotes":""},"class_list":["post-346","page","type-page","status-publish","hentry"],"yoast_head":"<!-- This site is optimized with the Yoast SEO plugin v26.8 - https:\/\/yoast.com\/product\/yoast-seo-wordpress\/ -->\n<title>LINEA ETICA - Portagraneles S.A.S<\/title>\n<meta name=\"robots\" content=\"index, follow, max-snippet:-1, max-image-preview:large, max-video-preview:-1\" \/>\n<link rel=\"canonical\" href=\"https:\/\/portagraneles.com\/index.php\/linea-etica\/\" \/>\n<meta property=\"og:locale\" content=\"es_ES\" \/>\n<meta property=\"og:type\" content=\"article\" \/>\n<meta property=\"og:title\" content=\"LINEA ETICA - Portagraneles S.A.S\" \/>\n<meta property=\"og:description\" content=\"L\u00ednea \u00c9ticaDe acuerdo con el compromiso de Portagraneles S.A.S. de promover la integridad y transparencia en nuestras operaciones y fortalecer la conducta \u00e9tica, en el marco del Programa de Transparencia y \u00c9tica Empresarial, contamos con la L\u00ednea \u00c9tica como canal que permite a nuestros asociados, proveedores, clientes, accionistas y dem\u00e1s Grupos de Inter\u00e9s, reportar o [&hellip;]\" \/>\n<meta property=\"og:url\" content=\"https:\/\/portagraneles.com\/index.php\/linea-etica\/\" \/>\n<meta property=\"og:site_name\" content=\"Portagraneles S.A.S\" \/>\n<meta property=\"article:modified_time\" content=\"2026-01-30T18:54:27+00:00\" \/>\n<meta name=\"twitter:card\" content=\"summary_large_image\" \/>\n<meta name=\"twitter:label1\" content=\"Tiempo de lectura\" \/>\n\t<meta name=\"twitter:data1\" content=\"3 minutos\" \/>\n<script type=\"application\/ld+json\" class=\"yoast-schema-graph\">{\"@context\":\"https:\/\/schema.org\",\"@graph\":[{\"@type\":\"WebPage\",\"@id\":\"https:\/\/portagraneles.com\/index.php\/linea-etica\/\",\"url\":\"https:\/\/portagraneles.com\/index.php\/linea-etica\/\",\"name\":\"LINEA ETICA - Portagraneles S.A.S\",\"isPartOf\":{\"@id\":\"https:\/\/portagraneles.com\/#website\"},\"datePublished\":\"2025-10-17T23:25:26+00:00\",\"dateModified\":\"2026-01-30T18:54:27+00:00\",\"breadcrumb\":{\"@id\":\"https:\/\/portagraneles.com\/index.php\/linea-etica\/#breadcrumb\"},\"inLanguage\":\"es-CO\",\"potentialAction\":[{\"@type\":\"ReadAction\",\"target\":[\"https:\/\/portagraneles.com\/index.php\/linea-etica\/\"]}]},{\"@type\":\"BreadcrumbList\",\"@id\":\"https:\/\/portagraneles.com\/index.php\/linea-etica\/#breadcrumb\",\"itemListElement\":[{\"@type\":\"ListItem\",\"position\":1,\"name\":\"Inicio\",\"item\":\"https:\/\/portagraneles.com\/\"},{\"@type\":\"ListItem\",\"position\":2,\"name\":\"LINEA ETICA\"}]},{\"@type\":\"WebSite\",\"@id\":\"https:\/\/portagraneles.com\/#website\",\"url\":\"https:\/\/portagraneles.com\/\",\"name\":\"Portagraneles S.A.S\",\"description\":\"Portagraneles S.A.S. - Operador Portuario\",\"potentialAction\":[{\"@type\":\"SearchAction\",\"target\":{\"@type\":\"EntryPoint\",\"urlTemplate\":\"https:\/\/portagraneles.com\/?s={search_term_string}\"},\"query-input\":{\"@type\":\"PropertyValueSpecification\",\"valueRequired\":true,\"valueName\":\"search_term_string\"}}],\"inLanguage\":\"es-CO\"}]}<\/script>\n<!-- \/ Yoast SEO plugin. -->","yoast_head_json":{"title":"LINEA ETICA - Portagraneles S.A.S","robots":{"index":"index","follow":"follow","max-snippet":"max-snippet:-1","max-image-preview":"max-image-preview:large","max-video-preview":"max-video-preview:-1"},"canonical":"https:\/\/portagraneles.com\/index.php\/linea-etica\/","og_locale":"es_ES","og_type":"article","og_title":"LINEA ETICA - Portagraneles S.A.S","og_description":"L\u00ednea \u00c9ticaDe acuerdo con el compromiso de Portagraneles S.A.S. de promover la integridad y transparencia en nuestras operaciones y fortalecer la conducta \u00e9tica, en el marco del Programa de Transparencia y \u00c9tica Empresarial, contamos con la L\u00ednea \u00c9tica como canal que permite a nuestros asociados, proveedores, clientes, accionistas y dem\u00e1s Grupos de Inter\u00e9s, reportar o [&hellip;]","og_url":"https:\/\/portagraneles.com\/index.php\/linea-etica\/","og_site_name":"Portagraneles S.A.S","article_modified_time":"2026-01-30T18:54:27+00:00","twitter_card":"summary_large_image","twitter_misc":{"Tiempo de lectura":"3 minutos"},"schema":{"@context":"https:\/\/schema.org","@graph":[{"@type":"WebPage","@id":"https:\/\/portagraneles.com\/index.php\/linea-etica\/","url":"https:\/\/portagraneles.com\/index.php\/linea-etica\/","name":"LINEA ETICA - Portagraneles S.A.S","isPartOf":{"@id":"https:\/\/portagraneles.com\/#website"},"datePublished":"2025-10-17T23:25:26+00:00","dateModified":"2026-01-30T18:54:27+00:00","breadcrumb":{"@id":"https:\/\/portagraneles.com\/index.php\/linea-etica\/#breadcrumb"},"inLanguage":"es-CO","potentialAction":[{"@type":"ReadAction","target":["https:\/\/portagraneles.com\/index.php\/linea-etica\/"]}]},{"@type":"BreadcrumbList","@id":"https:\/\/portagraneles.com\/index.php\/linea-etica\/#breadcrumb","itemListElement":[{"@type":"ListItem","position":1,"name":"Inicio","item":"https:\/\/portagraneles.com\/"},{"@type":"ListItem","position":2,"name":"LINEA ETICA"}]},{"@type":"WebSite","@id":"https:\/\/portagraneles.com\/#website","url":"https:\/\/portagraneles.com\/","name":"Portagraneles S.A.S","description":"Portagraneles S.A.S. - Operador Portuario","potentialAction":[{"@type":"SearchAction","target":{"@type":"EntryPoint","urlTemplate":"https:\/\/portagraneles.com\/?s={search_term_string}"},"query-input":{"@type":"PropertyValueSpecification","valueRequired":true,"valueName":"search_term_string"}}],"inLanguage":"es-CO"}]}},"_links":{"self":[{"href":"https:\/\/portagraneles.com\/index.php\/wp-json\/wp\/v2\/pages\/346","targetHints":{"allow":["GET"]}}],"collection":[{"href":"https:\/\/portagraneles.com\/index.php\/wp-json\/wp\/v2\/pages"}],"about":[{"href":"https:\/\/portagraneles.com\/index.php\/wp-json\/wp\/v2\/types\/page"}],"author":[{"embeddable":true,"href":"https:\/\/portagraneles.com\/index.php\/wp-json\/wp\/v2\/users\/1"}],"replies":[{"embeddable":true,"href":"https:\/\/portagraneles.com\/index.php\/wp-json\/wp\/v2\/comments?post=346"}],"version-history":[{"count":6,"href":"https:\/\/portagraneles.com\/index.php\/wp-json\/wp\/v2\/pages\/346\/revisions"}],"predecessor-version":[{"id":508,"href":"https:\/\/portagraneles.com\/index.php\/wp-json\/wp\/v2\/pages\/346\/revisions\/508"}],"wp:attachment":[{"href":"https:\/\/portagraneles.com\/index.php\/wp-json\/wp\/v2\/media?parent=346"}],"curies":[{"name":"wp","href":"https:\/\/api.w.org\/{rel}","templated":true}]}}